{"id":1417,"date":"2023-06-15T11:00:03","date_gmt":"2023-06-15T08:00:03","guid":{"rendered":"https:\/\/www.etopa.gr\/markos-tselekounis\/"},"modified":"2023-06-15T11:06:14","modified_gmt":"2023-06-15T08:06:14","slug":"markos-tselekounis","status":"publish","type":"page","link":"https:\/\/www.etopa.gr\/en\/markos-tselekounis\/","title":{"rendered":"Markos Tselekounis"},"content":{"rendered":"<p>[et_pb_section fb_built=&#8221;1&#8243; _builder_version=&#8221;4.20.2&#8243; _module_preset=&#8221;b6f75565-858a-4b27-9f33-4f96af2bb441&#8243; background_image=&#8221;http:\/\/etopa.gr\/wp-content\/uploads\/2023\/03\/\u03a3\u03a5\u039d\u0395\u03a1\u0393\u0391\u0396\u039f\u039c\u0395\u039d\u039f-\u03a0\u03a1\u039f\u03a3\u03a9\u03a0\u0399\u039a\u039f.jpg&#8221; background_position=&#8221;top_center&#8221; background_vertical_offset=&#8221;10%&#8221; global_colors_info=&#8221;{}&#8221;][et_pb_row _builder_version=&#8221;4.20.2&#8243; _module_preset=&#8221;default&#8221; global_colors_info=&#8221;{}&#8221;][et_pb_column type=&#8221;4_4&#8243; _builder_version=&#8221;4.20.2&#8243; _module_preset=&#8221;default&#8221; global_colors_info=&#8221;{}&#8221;][\/et_pb_column][\/et_pb_row][\/et_pb_section][et_pb_section fb_built=&#8221;1&#8243; _builder_version=&#8221;4.20.2&#8243; _module_preset=&#8221;default&#8221; global_colors_info=&#8221;{}&#8221;][et_pb_row _builder_version=&#8221;4.20.2&#8243; _module_preset=&#8221;6d6993cd-bd3a-41c3-bafb-d03c591fe3f7&#8243; global_colors_info=&#8221;{}&#8221;][et_pb_column type=&#8221;4_4&#8243; _builder_version=&#8221;4.20.2&#8243; _module_preset=&#8221;default&#8221; global_colors_info=&#8221;{}&#8221;][et_pb_text _builder_version=&#8221;4.20.2&#8243; _dynamic_attributes=&#8221;content&#8221; _module_preset=&#8221;3d9f06ea-44d8-40f7-abbd-53982c105ca4&#8243; global_colors_info=&#8221;{}&#8221;]@ET-DC@eyJkeW5hbWljIjp0cnVlLCJjb250ZW50IjoicG9zdF90aXRsZSIsInNldHRpbmdzIjp7ImJlZm9yZSI6IjxoMT4iLCJhZnRlciI6IjwvaDE+In19@[\/et_pb_text][\/et_pb_column][\/et_pb_row][et_pb_row column_structure=&#8221;1_3,2_3&#8243; _builder_version=&#8221;4.20.2&#8243; _module_preset=&#8221;6d6993cd-bd3a-41c3-bafb-d03c591fe3f7&#8243; global_colors_info=&#8221;{}&#8221;][et_pb_column type=&#8221;1_3&#8243; _builder_version=&#8221;4.20.2&#8243; _module_preset=&#8221;default&#8221; global_colors_info=&#8221;{}&#8221;][et_pb_code _builder_version=&#8221;4.21.0&#8243; _module_preset=&#8221;default&#8221; background_color=&#8221;#0B2042&#8243; background_image=&#8221;https:\/\/www.etopa.gr\/wp-content\/uploads\/2023\/06\/\u039c\u03ac\u03c1\u03ba\u03bf\u03c2-\u03a4\u03c3\u03b5\u03bb\u03b5\u03ba\u03bf\u03cd\u03bd\u03b7\u03c2.jpg&#8221; custom_css_main_element=&#8221;aspect-ratio:1;&#8221; global_colors_info=&#8221;{}&#8221;][\/et_pb_code][et_pb_social_media_follow _builder_version=&#8221;4.20.2&#8243; _module_preset=&#8221;default&#8221; background_color=&#8221;#FFFFFF&#8221; text_orientation=&#8221;center&#8221; custom_margin=&#8221;-35px||||false|false&#8221; custom_margin_tablet=&#8221;-35px||||false|false&#8221; custom_margin_phone=&#8221;-35px||||false|false&#8221; custom_margin_last_edited=&#8221;on|desktop&#8221; custom_padding=&#8221;24px||16px||false|false&#8221; locked=&#8221;off&#8221; global_colors_info=&#8221;{}&#8221;][\/et_pb_social_media_follow][\/et_pb_column][et_pb_column type=&#8221;2_3&#8243; _builder_version=&#8221;4.20.2&#8243; _module_preset=&#8221;default&#8221; global_colors_info=&#8221;{}&#8221;][et_pb_text _builder_version=&#8221;4.21.0&#8243; _module_preset=&#8221;default&#8221; global_colors_info=&#8221;{}&#8221;]<\/p>\n<div>\n<p>Markos Tselekounis is Assistant Professor of Economics at the University of Piraeus. He holds a Ph.D. in Regulatory Economics and a Master degree in Telecommunications Economics, both from the University of Athens. He received his B.Sc. degree in Economics from the University of Piraeus. He is a research collaborator of the laboratories <em>Local &amp; Regional Development<\/em> <em>(LORED) <\/em>and <em>Bioeconomy, Circular Economy &amp; Sustainable Development<\/em> of the University of Piraeus, as well as a senior research staff of the <em>Management &amp; Economics of Innovation in Telecom Industries<\/em> <em>(\u039c\u0399\u039d\u03a4)<\/em> Group of the University of Athens.<\/p>\n<p>Before joining the University of Piraeus, he was an adjunct lecturer at the University of Athens and a postdoctoral research fellow at NOVA University of Lisbon. His postdoctoral research was funded by the Portuguese State Scholarships Foundation (Funda\u00e7\u00e3o para a Ci\u00eancia e a Tecnologia), whereas his doctoral research had been co-financed by the European Union (European Social Fund) and Greek national funds through the Research Funding Program \u201cHeracleitus II\u201d. He had also been granted scholarships from the Greek State Scholarships Foundation (IKY) and the University of Athens for performance excellence during his undergraduate and postgraduate studies, respectively.<\/p>\n<p>His main research interests are in microeconomic theory, industrial economics, network economics and sustainable development. His research has appeared in many distinguished scientific international journals such as <em>International Journal of Industrial Organization<\/em>, <em>Economics Letters, Review of Industrial Organization<\/em> and <em>Journal of Regulatory Economics<\/em>. He regularly attends international conferences and workshops in the field of industrial organization and sustainable development, such as EARIE, CRESSE, CRETE and ICED. His teaching experience span from microeconomics to sustainability related issues including international strategies for sustainable development and innovation.<\/p>\n<p>Markos is very experienced in analyzing several industries using microeconomics, industrial organization and sustainable development tools as he has been participating in several european and national projects in the areas of sustainable driving and network economics. He is the Scientific Director of the research project \u201cRoad Risk Alerts (RARE): Vehicle insurance premiums as a safe driving mechanism\u201d and has served as a principal researcher in many projects concerning the calculation of regulated wholesale access services, such as Leased Lines, Next Generation Access (NGA) networks, Fixed Termination Rates (FTRs) and Mobile Termination Rates (MTRs), using techno-economic LRIC Bottom-Up models.<\/p>\n<p>Markos has been quite experienced in supervising and coordinating research teams since he has supervised many PhD candidates, as well as BSc and MSc students, both during his doctoral research and as a faculty member. In addition, his role in the research projects includes task allocation and research team coordination to meet goals and strict deadlines.<\/p>\n<p>&nbsp;<\/p>\n<p>&nbsp;<\/p>\n<\/div>\n<div><\/div>\n<p>[\/et_pb_text][\/et_pb_column][\/et_pb_row][\/et_pb_section]<\/p>\n","protected":false},"excerpt":{"rendered":"<p>Markos Tselekounis is Assistant Professor of Economics at the University of Piraeus. He holds a Ph.D. in Regulatory Economics and a Master degree in Telecommunications Economics, both from the University of Athens. He received his B.Sc. degree in Economics from the University of Piraeus. He is a research collaborator of the laboratories Local &amp; Regional [&hellip;]<\/p>\n","protected":false},"author":2,"featured_media":0,"parent":0,"menu_order":0,"comment_status":"closed","ping_status":"closed","template":"","meta":{"_et_pb_use_builder":"on","_et_pb_old_content":"","_et_gb_content_width":"","footnotes":""},"class_list":["post-1417","page","type-page","status-publish","hentry"],"_links":{"self":[{"href":"https:\/\/www.etopa.gr\/en\/wp-json\/wp\/v2\/pages\/1417","targetHints":{"allow":["GET"]}}],"collection":[{"href":"https:\/\/www.etopa.gr\/en\/wp-json\/wp\/v2\/pages"}],"about":[{"href":"https:\/\/www.etopa.gr\/en\/wp-json\/wp\/v2\/types\/page"}],"author":[{"embeddable":true,"href":"https:\/\/www.etopa.gr\/en\/wp-json\/wp\/v2\/users\/2"}],"replies":[{"embeddable":true,"href":"https:\/\/www.etopa.gr\/en\/wp-json\/wp\/v2\/comments?post=1417"}],"version-history":[{"count":4,"href":"https:\/\/www.etopa.gr\/en\/wp-json\/wp\/v2\/pages\/1417\/revisions"}],"predecessor-version":[{"id":1426,"href":"https:\/\/www.etopa.gr\/en\/wp-json\/wp\/v2\/pages\/1417\/revisions\/1426"}],"wp:attachment":[{"href":"https:\/\/www.etopa.gr\/en\/wp-json\/wp\/v2\/media?parent=1417"}],"curies":[{"name":"wp","href":"https:\/\/api.w.org\/{rel}","templated":true}]}}